{"id":5553,"date":"2021-01-04T17:14:31","date_gmt":"2021-01-04T16:14:31","guid":{"rendered":"https:\/\/www.lamellen.ch\/?post_type=product&#038;p=5553"},"modified":"2026-02-09T04:44:42","modified_gmt":"2026-02-09T03:44:42","slug":"hirschmannstas3","status":"publish","type":"product","link":"https:\/\/www.lamellen.ch\/shop\/produkt\/hirschmannstas3\/","title":{"rendered":"Hirschmann STAS 3 Kupplung grau mit Sicherungsb\u00fcgel"},"content":{"rendered":"<p><strong>Hirschmann STAS 3 Kupplung grau (Motorseite)<\/strong><\/p>\n<p>Nennstrom = 16A Kontakt-Format = 3P+E Stecker<br \/>\nBetriebsspannung = 250 V dc, 400 V ac<br \/>\nMontagetyp = Kabelmontage<br \/>\nFarbe = Schwarz, Grau<br \/>\nIP Klasse = IP54<br \/>\nGender = Male<br \/>\nGeh\u00e4useausrichtung = Gerade<br \/>\nAnschlussart = Schrauben<br \/>\nBetriebstemperatur min. = -30\u00b0C Betriebstemperatur max. = +90\u00b0C<\/p>\n","protected":false},"excerpt":{"rendered":"<p>Diese kabelmontierten Steckverbinder von Hirschmann sind widerstandsf\u00e4hig und kompakt, ideal f\u00fcr Netz- und Steuerkabelanschl\u00fcsse. Ausgelegt f\u00fcr IP54 sind sie gesch\u00fctzt vor Staub und Spritzern und f\u00fcr den weltweiten Einsatz zugelassen. Alle Steckverbinder sind zudem vibrationsfest und k\u00f6nnen nach Bedarf montiert werden. Stecker mit Zugentlastung.<\/p>\n","protected":false},"featured_media":5575,"comment_status":"closed","ping_status":"closed","template":"","meta":[],"product_brand":[],"product_cat":[35],"product_tag":[304,50,306,305,307,308],"class_list":{"0":"post-5553","1":"product","2":"type-product","3":"status-publish","4":"has-post-thumbnail","6":"product_cat-motoren","7":"product_tag-hirschmann","8":"product_tag-lamellenstoren","9":"product_tag-stak","10":"product_tag-stas","11":"product_tag-strom","12":"product_tag-verbindung","13":"product_shipping_class-luftpolstertasche","15":"first","16":"instock","17":"taxable","18":"shipping-taxable","19":"purchasable","20":"product-type-simple"},"jetpack_sharing_enabled":true,"_links":{"self":[{"href":"https:\/\/www.lamellen.ch\/shop\/wp-json\/wp\/v2\/product\/5553","targetHints":{"allow":["GET"]}}],"collection":[{"href":"https:\/\/www.lamellen.ch\/shop\/wp-json\/wp\/v2\/product"}],"about":[{"href":"https:\/\/www.lamellen.ch\/shop\/wp-json\/wp\/v2\/types\/product"}],"replies":[{"embeddable":true,"href":"https:\/\/www.lamellen.ch\/shop\/wp-json\/wp\/v2\/comments?post=5553"}],"wp:featuredmedia":[{"embeddable":true,"href":"https:\/\/www.lamellen.ch\/shop\/wp-json\/wp\/v2\/media\/5575"}],"wp:attachment":[{"href":"https:\/\/www.lamellen.ch\/shop\/wp-json\/wp\/v2\/media?parent=5553"}],"wp:term":[{"taxonomy":"product_brand","embeddable":true,"href":"https:\/\/www.lamellen.ch\/shop\/wp-json\/wp\/v2\/product_brand?post=5553"},{"taxonomy":"product_cat","embeddable":true,"href":"https:\/\/www.lamellen.ch\/shop\/wp-json\/wp\/v2\/product_cat?post=5553"},{"taxonomy":"product_tag","embeddable":true,"href":"https:\/\/www.lamellen.ch\/shop\/wp-json\/wp\/v2\/product_tag?post=5553"}],"curies":[{"name":"wp","href":"https:\/\/api.w.org\/{rel}","templated":true}]}}