{"id":3988,"date":"2020-02-04T11:01:31","date_gmt":"2020-02-04T10:01:31","guid":{"rendered":"https:\/\/www.lamellen.ch\/?post_type=product&#038;p=3988"},"modified":"2025-06-14T18:09:20","modified_gmt":"2025-06-14T17:09:20","slug":"somfy-steuerung-reparatur","status":"publish","type":"product","link":"https:\/\/www.lamellen.ch\/shop\/produkt\/somfy-steuerung-reparatur\/","title":{"rendered":"Somfy Steuerung Reparatur"},"content":{"rendered":"<p>Somfy Steuerger\u00e4te werden meistens ersetzt.<br \/>\nWenn Sie uns Ihr Steuerger\u00e4t einschicken, k\u00f6nnen wir es analysieren<br \/>\nund es meistens wieder flicken. Nach der Reparatur senden wir Ihnen<br \/>\ndas Ger\u00e4t wieder zur\u00fcck. Bei nicht erfolgreicher Reparatur wird Ihnen<br \/>\nnichts verrechnet.<br \/>\n<strong>-&gt; Bitte nicht \u00fcber den Webshop bestellen, sondern gleich per Post<\/strong><br \/>\n<strong>uns zusenden mit der gew\u00fcnschten R\u00fccksendeadresse &#8211; Danke!<\/strong><\/p>\n","protected":false},"excerpt":{"rendered":"<p>Somfy Steuerger\u00e4te werden meistens ersetzt. Wenn Sie uns Ihr Steuerger\u00e4t einschicken, k\u00f6nnen wir es analysieren und es meistens wieder flicken. Nach der Reparatur senden wir Ihnen das Ger\u00e4t wieder zur\u00fcck. Bei nicht erfolgreicher Reparatur wird Ihnen nichts verrechnet. -&gt; Bitte nicht \u00fcber den Webshop bestellen, sondern gleich per Post uns zusenden mit der gew\u00fcnschten R\u00fccksendeadresse [&hellip;]<\/p>\n","protected":false},"featured_media":6832,"comment_status":"closed","ping_status":"closed","template":"","meta":[],"product_brand":[],"product_cat":[35],"product_tag":[401,399,329,68,400,69,398],"class_list":{"0":"post-3988","1":"product","2":"type-product","3":"status-publish","4":"has-post-thumbnail","6":"product_cat-motoren","7":"product_tag-defekt","8":"product_tag-ib","9":"product_tag-reparatur","10":"product_tag-somfy","11":"product_tag-somfy-ib","12":"product_tag-steuerung","13":"product_tag-uno","14":"product_shipping_class-paket","16":"first","17":"instock","18":"taxable","19":"shipping-taxable","20":"purchasable","21":"product-type-simple"},"jetpack_sharing_enabled":true,"_links":{"self":[{"href":"https:\/\/www.lamellen.ch\/shop\/wp-json\/wp\/v2\/product\/3988","targetHints":{"allow":["GET"]}}],"collection":[{"href":"https:\/\/www.lamellen.ch\/shop\/wp-json\/wp\/v2\/product"}],"about":[{"href":"https:\/\/www.lamellen.ch\/shop\/wp-json\/wp\/v2\/types\/product"}],"replies":[{"embeddable":true,"href":"https:\/\/www.lamellen.ch\/shop\/wp-json\/wp\/v2\/comments?post=3988"}],"wp:featuredmedia":[{"embeddable":true,"href":"https:\/\/www.lamellen.ch\/shop\/wp-json\/wp\/v2\/media\/6832"}],"wp:attachment":[{"href":"https:\/\/www.lamellen.ch\/shop\/wp-json\/wp\/v2\/media?parent=3988"}],"wp:term":[{"taxonomy":"product_brand","embeddable":true,"href":"https:\/\/www.lamellen.ch\/shop\/wp-json\/wp\/v2\/product_brand?post=3988"},{"taxonomy":"product_cat","embeddable":true,"href":"https:\/\/www.lamellen.ch\/shop\/wp-json\/wp\/v2\/product_cat?post=3988"},{"taxonomy":"product_tag","embeddable":true,"href":"https:\/\/www.lamellen.ch\/shop\/wp-json\/wp\/v2\/product_tag?post=3988"}],"curies":[{"name":"wp","href":"https:\/\/api.w.org\/{rel}","templated":true}]}}