{"id":2509,"date":"2019-12-11T17:51:59","date_gmt":"2019-12-11T16:51:59","guid":{"rendered":"https:\/\/www.lamellen.ch\/?post_type=product&#038;p=2509"},"modified":"2026-02-09T04:15:45","modified_gmt":"2026-02-09T03:15:45","slug":"gurtwicklerschwenkbar","status":"publish","type":"product","link":"https:\/\/www.lamellen.ch\/shop\/produkt\/gurtwicklerschwenkbar\/","title":{"rendered":"Gurtwickler schwenkbar"},"content":{"rendered":"<p>f\u00fcr bis zu 5m Gurt, 20mm<br \/>\nschwenkbar<br \/>\nStahl vernickelt<\/p>\n<p>ACHTUNG: Fachkenntnisse f\u00fcr den Austausch n\u00f6tig!<br \/>\nACHTUNG: Muss in Pfeilrichtung stark vorgespannt werden!<\/p>\n","protected":false},"excerpt":{"rendered":"<p>f\u00fcr bis zu 5m Gurt, 20mm schwenkbar Stahl vernickelt ACHTUNG: Fachkenntnisse f\u00fcr den Austausch n\u00f6tig! ACHTUNG: Muss in Pfeilrichtung stark vorgespannt werden!<\/p>\n","protected":false},"featured_media":2516,"comment_status":"closed","ping_status":"closed","template":"","meta":[],"product_brand":[],"product_cat":[14],"product_tag":[36,430,43,42],"class_list":{"0":"post-2509","1":"product","2":"type-product","3":"status-publish","4":"has-post-thumbnail","6":"product_cat-rollladen-ersatzteile","7":"product_tag-gurt","8":"product_tag-gurtenwickler","9":"product_tag-gurtwickler","10":"product_tag-wickler","11":"product_shipping_class-paket","13":"first","14":"instock","15":"sale","16":"taxable","17":"shipping-taxable","18":"purchasable","19":"product-type-simple"},"jetpack_sharing_enabled":true,"_links":{"self":[{"href":"https:\/\/www.lamellen.ch\/shop\/wp-json\/wp\/v2\/product\/2509","targetHints":{"allow":["GET"]}}],"collection":[{"href":"https:\/\/www.lamellen.ch\/shop\/wp-json\/wp\/v2\/product"}],"about":[{"href":"https:\/\/www.lamellen.ch\/shop\/wp-json\/wp\/v2\/types\/product"}],"replies":[{"embeddable":true,"href":"https:\/\/www.lamellen.ch\/shop\/wp-json\/wp\/v2\/comments?post=2509"}],"wp:featuredmedia":[{"embeddable":true,"href":"https:\/\/www.lamellen.ch\/shop\/wp-json\/wp\/v2\/media\/2516"}],"wp:attachment":[{"href":"https:\/\/www.lamellen.ch\/shop\/wp-json\/wp\/v2\/media?parent=2509"}],"wp:term":[{"taxonomy":"product_brand","embeddable":true,"href":"https:\/\/www.lamellen.ch\/shop\/wp-json\/wp\/v2\/product_brand?post=2509"},{"taxonomy":"product_cat","embeddable":true,"href":"https:\/\/www.lamellen.ch\/shop\/wp-json\/wp\/v2\/product_cat?post=2509"},{"taxonomy":"product_tag","embeddable":true,"href":"https:\/\/www.lamellen.ch\/shop\/wp-json\/wp\/v2\/product_tag?post=2509"}],"curies":[{"name":"wp","href":"https:\/\/api.w.org\/{rel}","templated":true}]}}