{"id":1642,"date":"2018-11-16T23:57:29","date_gmt":"2018-11-16T22:57:29","guid":{"rendered":"http:\/\/www.bochicchio.ch\/?post_type=product&#038;p=1642"},"modified":"2024-02-17T21:21:39","modified_gmt":"2024-02-17T20:21:39","slug":"kugelbandhalter","status":"publish","type":"product","link":"https:\/\/www.lamellen.ch\/shop\/produkt\/kugelbandhalter\/","title":{"rendered":"Kugelbandhalter mit Flachschraube &#8211; Stahl verzinkt"},"content":{"rendered":"<div class=\"page\" title=\"Page 26\">\n<div class=\"layoutArea\">\n<div class=\"column\">\n<div class=\"page\" title=\"Page 13\">\n<div class=\"layoutArea\">\n<div class=\"column\">\n<p>Kugelkupplung Stahl verzinkt, inkl. Flachschraube M5x6 (DIN 913) montiert.<br \/>\nPassend f\u00fcr Stegb\u00e4nder bis 6 mm Breite<br \/>\nPassend f\u00fcr Kugel \u00f8 6.0 mm<\/p>\n<\/div>\n<\/div>\n<\/div>\n<\/div>\n<\/div>\n<\/div>\n","protected":false},"excerpt":{"rendered":"<p>Kugelkupplung Stahl verzinkt, inkl. Flachschraube M5x6 (DIN 913) montiert. Passend f\u00fcr Stegb\u00e4nder bis 6 mm Breite Passend f\u00fcr Kugel \u00f8 6.0 mm<\/p>\n","protected":false},"featured_media":1643,"comment_status":"closed","ping_status":"closed","template":"","meta":[],"product_brand":[],"product_cat":[15],"product_tag":[39,51,48,330,49,331,322],"class_list":{"0":"post-1642","1":"product","2":"type-product","3":"status-publish","4":"has-post-thumbnail","6":"product_cat-lamellenstoren-ersatzteile","7":"product_tag-halter","8":"product_tag-kugel","9":"product_tag-kugelband","10":"product_tag-kugelbandhalter","11":"product_tag-kugelkupplung","12":"product_tag-kupplung","13":"product_tag-lamellen","14":"product_shipping_class-luftpolstertasche","16":"first","17":"instock","18":"taxable","19":"shipping-taxable","20":"purchasable","21":"product-type-simple"},"jetpack_sharing_enabled":true,"_links":{"self":[{"href":"https:\/\/www.lamellen.ch\/shop\/wp-json\/wp\/v2\/product\/1642","targetHints":{"allow":["GET"]}}],"collection":[{"href":"https:\/\/www.lamellen.ch\/shop\/wp-json\/wp\/v2\/product"}],"about":[{"href":"https:\/\/www.lamellen.ch\/shop\/wp-json\/wp\/v2\/types\/product"}],"replies":[{"embeddable":true,"href":"https:\/\/www.lamellen.ch\/shop\/wp-json\/wp\/v2\/comments?post=1642"}],"wp:featuredmedia":[{"embeddable":true,"href":"https:\/\/www.lamellen.ch\/shop\/wp-json\/wp\/v2\/media\/1643"}],"wp:attachment":[{"href":"https:\/\/www.lamellen.ch\/shop\/wp-json\/wp\/v2\/media?parent=1642"}],"wp:term":[{"taxonomy":"product_brand","embeddable":true,"href":"https:\/\/www.lamellen.ch\/shop\/wp-json\/wp\/v2\/product_brand?post=1642"},{"taxonomy":"product_cat","embeddable":true,"href":"https:\/\/www.lamellen.ch\/shop\/wp-json\/wp\/v2\/product_cat?post=1642"},{"taxonomy":"product_tag","embeddable":true,"href":"https:\/\/www.lamellen.ch\/shop\/wp-json\/wp\/v2\/product_tag?post=1642"}],"curies":[{"name":"wp","href":"https:\/\/api.w.org\/{rel}","templated":true}]}}