{"id":1638,"date":"2018-11-16T23:50:25","date_gmt":"2018-11-16T22:50:25","guid":{"rendered":"http:\/\/www.bochicchio.ch\/?post_type=product&#038;p=1638"},"modified":"2026-04-20T09:28:20","modified_gmt":"2026-04-20T08:28:20","slug":"magnethalterweiss","status":"publish","type":"product","link":"https:\/\/www.lamellen.ch\/shop\/produkt\/magnethalterweiss\/","title":{"rendered":"Kurbelhalter Magnethalter verstellbar &#8211; WEISS"},"content":{"rendered":"<div class=\"page\" title=\"Page 26\">\n<div class=\"layoutArea\">\n<div class=\"column\">\n<p>Kunststoff, f\u00fcr Rohr \u00d8 14-16 mm, Ausladung verstellbar von 30-50 mm<br \/>\nLochabstand verstellbar zwischen 49 mm bis ca. 63 mm<br \/>\n<span class=\"ff1\">Nur f\u00fcr Stahl-Kurbeln geeignet<br \/>\nACHTUNG: <\/span><span class=\"ff1\">nicht f\u00fcr Aluminium-Kurbeln geeignet<br \/>\n<\/span><\/p>\n<\/div>\n<\/div>\n<\/div>\n","protected":false},"excerpt":{"rendered":"<p>Kunststoff, f\u00fcr Rohr \u00d8 14-16 mm, Ausladung verstellbar von 30-50 mm Lochabstand verstellbar zwischen 49 mm bis ca. 63 mm Nur f\u00fcr Stahl-Kurbeln geeignet ACHTUNG: nicht f\u00fcr Aluminium-Kurbeln geeignet<\/p>\n","protected":false},"featured_media":1639,"comment_status":"closed","ping_status":"closed","template":"","meta":[],"product_brand":[],"product_cat":[15,14],"product_tag":[39,91,332,333,334,64],"class_list":{"0":"post-1638","1":"product","2":"type-product","3":"status-publish","4":"has-post-thumbnail","6":"product_cat-lamellenstoren-ersatzteile","7":"product_cat-rollladen-ersatzteile","8":"product_tag-halter","9":"product_tag-kurbel","10":"product_tag-kurbelhalter","11":"product_tag-magnet","12":"product_tag-magnethalter","13":"product_tag-weiss","14":"product_shipping_class-luftpolstertasche","16":"first","17":"instock","18":"taxable","19":"shipping-taxable","20":"purchasable","21":"product-type-simple"},"jetpack_sharing_enabled":true,"_links":{"self":[{"href":"https:\/\/www.lamellen.ch\/shop\/wp-json\/wp\/v2\/product\/1638","targetHints":{"allow":["GET"]}}],"collection":[{"href":"https:\/\/www.lamellen.ch\/shop\/wp-json\/wp\/v2\/product"}],"about":[{"href":"https:\/\/www.lamellen.ch\/shop\/wp-json\/wp\/v2\/types\/product"}],"replies":[{"embeddable":true,"href":"https:\/\/www.lamellen.ch\/shop\/wp-json\/wp\/v2\/comments?post=1638"}],"wp:featuredmedia":[{"embeddable":true,"href":"https:\/\/www.lamellen.ch\/shop\/wp-json\/wp\/v2\/media\/1639"}],"wp:attachment":[{"href":"https:\/\/www.lamellen.ch\/shop\/wp-json\/wp\/v2\/media?parent=1638"}],"wp:term":[{"taxonomy":"product_brand","embeddable":true,"href":"https:\/\/www.lamellen.ch\/shop\/wp-json\/wp\/v2\/product_brand?post=1638"},{"taxonomy":"product_cat","embeddable":true,"href":"https:\/\/www.lamellen.ch\/shop\/wp-json\/wp\/v2\/product_cat?post=1638"},{"taxonomy":"product_tag","embeddable":true,"href":"https:\/\/www.lamellen.ch\/shop\/wp-json\/wp\/v2\/product_tag?post=1638"}],"curies":[{"name":"wp","href":"https:\/\/api.w.org\/{rel}","templated":true}]}}